{"id":51,"date":"2020-05-06T14:14:49","date_gmt":"2020-05-06T14:14:49","guid":{"rendered":"https:\/\/multimedia.ismt.pt\/?page_id=51"},"modified":"2022-04-28T14:58:06","modified_gmt":"2022-04-28T14:58:06","slug":"documentacao-multimedia","status":"publish","type":"page","link":"https:\/\/multimedia.ismt.pt\/?page_id=51","title":{"rendered":"Documenta\u00e7\u00e3o"},"content":{"rendered":"\t\t<div data-elementor-type=\"wp-page\" data-elementor-id=\"51\" class=\"elementor elementor-51\">\n\t\t\t\t\t\t\t\t\t<section class=\"elementor-section elementor-top-section elementor-element elementor-element-48833e8 elementor-section-full_width elementor-section-height-min-height animated-slow elementor-section-height-default elementor-section-items-middle elementor-invisible\" data-id=\"48833e8\" data-element_type=\"section\" data-settings=\"{&quot;background_background&quot;:&quot;classic&quot;,&quot;animation&quot;:&quot;fadeIn&quot;,&quot;animation_delay&quot;:500}\">\n\t\t\t\t\t\t\t<div class=\"elementor-background-overlay\"><\/div>\n\t\t\t\t\t\t\t<div class=\"elementor-container elementor-column-gap-default\">\n\t\t\t\t\t<div class=\"elementor-column elementor-col-100 elementor-top-column elementor-element elementor-element-2b020a7 elementor-invisible\" data-id=\"2b020a7\" data-element_type=\"column\" data-settings=\"{&quot;animation&quot;:&quot;fadeIn&quot;,&quot;animation_delay&quot;:200}\">\n\t\t\t<div class=\"elementor-widget-wrap elementor-element-populated\">\n\t\t\t\t\t\t\t\t<div class=\"elementor-element elementor-element-e211970 elementor-widget elementor-widget-heading\" data-id=\"e211970\" data-element_type=\"widget\" data-widget_type=\"heading.default\">\n\t\t\t\t<div class=\"elementor-widget-container\">\n\t\t\t<h2 class=\"elementor-heading-title elementor-size-default\">Documenta\u00e7\u00e3o<\/h2>\t\t<\/div>\n\t\t\t\t<\/div>\n\t\t\t\t\t<\/div>\n\t\t<\/div>\n\t\t\t\t\t\t\t<\/div>\n\t\t<\/section>\n\t\t\t\t<section class=\"elementor-section elementor-top-section elementor-element elementor-element-8842ff2 elementor-section-boxed elementor-section-height-default elementor-section-height-default\" data-id=\"8842ff2\" data-element_type=\"section\">\n\t\t\t\t\t\t<div class=\"elementor-container elementor-column-gap-default\">\n\t\t\t\t\t<div class=\"elementor-column elementor-col-100 elementor-top-column elementor-element elementor-element-37b4792\" data-id=\"37b4792\" data-element_type=\"column\">\n\t\t\t<div class=\"elementor-widget-wrap elementor-element-populated\">\n\t\t\t\t\t\t\t\t<div class=\"elementor-element elementor-element-9c4abe4 elementor-widget elementor-widget-spacer\" data-id=\"9c4abe4\" data-element_type=\"widget\" data-widget_type=\"spacer.default\">\n\t\t\t\t<div class=\"elementor-widget-container\">\n\t\t\t\t\t<div class=\"elementor-spacer\">\n\t\t\t<div class=\"elementor-spacer-inner\"><\/div>\n\t\t<\/div>\n\t\t\t\t<\/div>\n\t\t\t\t<\/div>\n\t\t\t\t\t<\/div>\n\t\t<\/div>\n\t\t\t\t\t\t\t<\/div>\n\t\t<\/section>\n\t\t\t\t<section class=\"elementor-section elementor-top-section elementor-element elementor-element-a781295 elementor-section-boxed elementor-section-height-default elementor-section-height-default\" data-id=\"a781295\" data-element_type=\"section\">\n\t\t\t\t\t\t<div class=\"elementor-container elementor-column-gap-default\">\n\t\t\t\t\t<div class=\"elementor-column elementor-col-50 elementor-top-column elementor-element elementor-element-657e193\" data-id=\"657e193\" data-element_type=\"column\">\n\t\t\t<div class=\"elementor-widget-wrap elementor-element-populated\">\n\t\t\t\t\t\t\t\t<div class=\"elementor-element elementor-element-acdeaa3 animated-slow elementor-invisible elementor-widget elementor-widget-heading\" data-id=\"acdeaa3\" data-element_type=\"widget\" data-settings=\"{&quot;_animation&quot;:&quot;fadeInUp&quot;,&quot;_animation_delay&quot;:200}\" data-widget_type=\"heading.default\">\n\t\t\t\t<div class=\"elementor-widget-container\">\n\t\t\t<h2 class=\"elementor-heading-title elementor-size-default\">Documentos Oficiais<\/h2>\t\t<\/div>\n\t\t\t\t<\/div>\n\t\t\t\t<div class=\"elementor-element elementor-element-00c2d39 animated-slow elementor-icon-list--layout-traditional elementor-list-item-link-full_width elementor-invisible elementor-widget elementor-widget-icon-list\" data-id=\"00c2d39\" data-element_type=\"widget\" data-settings=\"{&quot;_animation&quot;:&quot;fadeInUp&quot;,&quot;_animation_delay&quot;:100}\" data-widget_type=\"icon-list.default\">\n\t\t\t\t<div class=\"elementor-widget-container\">\n\t\t\t\t\t<ul class=\"elementor-icon-list-items\">\n\t\t\t\t\t\t\t<li class=\"elementor-icon-list-item\">\n\t\t\t\t\t\t\t\t\t\t\t<a href=\"https:\/\/ismt.pt\/api\/download\/1627035921_2woXJddxvzRZovyLrGf7\">\n\n\t\t\t\t\t\t\t\t\t\t\t\t<span class=\"elementor-icon-list-icon\">\n\t\t\t\t\t\t\t<i aria-hidden=\"true\" class=\"far fa-file-pdf\"><\/i>\t\t\t\t\t\t<\/span>\n\t\t\t\t\t\t\t\t\t\t<span class=\"elementor-icon-list-text\"><b>Despacho da Rep\u00fablica n\u00ba 9034\/2020<\/b><\/span>\n\t\t\t\t\t\t\t\t\t\t\t<\/a>\n\t\t\t\t\t\t\t\t\t<\/li>\n\t\t\t\t\t\t\t\t<li class=\"elementor-icon-list-item\">\n\t\t\t\t\t\t\t\t\t\t\t<a href=\"https:\/\/ismt.pt\/api\/download\/1626172567_Ht89FwywfsLz1VrI5qw3\">\n\n\t\t\t\t\t\t\t\t\t\t\t\t<span class=\"elementor-icon-list-icon\">\n\t\t\t\t\t\t\t<i aria-hidden=\"true\" class=\"far fa-file-pdf\"><\/i>\t\t\t\t\t\t<\/span>\n\t\t\t\t\t\t\t\t\t\t<span class=\"elementor-icon-list-text\"><b>Regulamento Geral de Avalia\u00e7\u00e3o e de Procedimentos Acad\u00e9micos do ISMT<\/b> (Cursos de 1\u00ba Ciclo)<\/span>\n\t\t\t\t\t\t\t\t\t\t\t<\/a>\n\t\t\t\t\t\t\t\t\t<\/li>\n\t\t\t\t\t\t\t\t<li class=\"elementor-icon-list-item\">\n\t\t\t\t\t\t\t\t\t\t\t<a href=\"https:\/\/ismt.pt\/api\/download\/1626172375_I6qmR6Yg5tvb2z5RD0l0\">\n\n\t\t\t\t\t\t\t\t\t\t\t\t<span class=\"elementor-icon-list-icon\">\n\t\t\t\t\t\t\t<i aria-hidden=\"true\" class=\"far fa-file-pdf\"><\/i>\t\t\t\t\t\t<\/span>\n\t\t\t\t\t\t\t\t\t\t<span class=\"elementor-icon-list-text\"><b>Regulamento Disciplinar do ISMT<\/b><\/span>\n\t\t\t\t\t\t\t\t\t\t\t<\/a>\n\t\t\t\t\t\t\t\t\t<\/li>\n\t\t\t\t\t\t\t\t<li class=\"elementor-icon-list-item\">\n\t\t\t\t\t\t\t\t\t\t\t<a href=\"https:\/\/ismt.pt\/api\/download\/1626172434_WnoiB7Zcwo06DpmOkxJb\">\n\n\t\t\t\t\t\t\t\t\t\t\t\t<span class=\"elementor-icon-list-icon\">\n\t\t\t\t\t\t\t<i aria-hidden=\"true\" class=\"far fa-file-pdf\"><\/i>\t\t\t\t\t\t<\/span>\n\t\t\t\t\t\t\t\t\t\t<span class=\"elementor-icon-list-text\"><b>Regulamento dos Servi\u00e7os Administrativos e Acad\u00e9micos do ISMT<\/b><\/span>\n\t\t\t\t\t\t\t\t\t\t\t<\/a>\n\t\t\t\t\t\t\t\t\t<\/li>\n\t\t\t\t\t\t\t\t<li class=\"elementor-icon-list-item\">\n\t\t\t\t\t\t\t\t\t\t\t<a href=\"https:\/\/ismt.pt\/api\/download\/1627295143_x4zhCeWJ5KjFIRpusvoH\">\n\n\t\t\t\t\t\t\t\t\t\t\t\t<span class=\"elementor-icon-list-icon\">\n\t\t\t\t\t\t\t<i aria-hidden=\"true\" class=\"far fa-file-pdf\"><\/i>\t\t\t\t\t\t<\/span>\n\t\t\t\t\t\t\t\t\t\t<span class=\"elementor-icon-list-text\"><b>Regulamento de Mobilidade Internacional de Estudantes do ISMT<\/b><\/span>\n\t\t\t\t\t\t\t\t\t\t\t<\/a>\n\t\t\t\t\t\t\t\t\t<\/li>\n\t\t\t\t\t\t<\/ul>\n\t\t\t\t<\/div>\n\t\t\t\t<\/div>\n\t\t\t\t\t<\/div>\n\t\t<\/div>\n\t\t\t\t<div class=\"elementor-column elementor-col-50 elementor-top-column elementor-element elementor-element-fc99fd1 animated-slow\" data-id=\"fc99fd1\" data-element_type=\"column\" data-settings=\"{&quot;animation&quot;:&quot;none&quot;}\">\n\t\t\t<div class=\"elementor-widget-wrap elementor-element-populated\">\n\t\t\t\t\t\t\t\t<div class=\"elementor-element elementor-element-7edcb53 animated-slow elementor-invisible elementor-widget elementor-widget-heading\" data-id=\"7edcb53\" data-element_type=\"widget\" data-settings=\"{&quot;_animation&quot;:&quot;fadeInUp&quot;,&quot;_animation_delay&quot;:200}\" data-widget_type=\"heading.default\">\n\t\t\t\t<div class=\"elementor-widget-container\">\n\t\t\t<h2 class=\"elementor-heading-title elementor-size-default\">Identidade do Curso<\/h2>\t\t<\/div>\n\t\t\t\t<\/div>\n\t\t\t\t<div class=\"elementor-element elementor-element-62b1e5f animated-slow elementor-icon-list--layout-traditional elementor-list-item-link-full_width elementor-invisible elementor-widget elementor-widget-icon-list\" data-id=\"62b1e5f\" data-element_type=\"widget\" data-settings=\"{&quot;_animation&quot;:&quot;fadeInUp&quot;,&quot;_animation_delay&quot;:100}\" data-widget_type=\"icon-list.default\">\n\t\t\t\t<div class=\"elementor-widget-container\">\n\t\t\t\t\t<ul class=\"elementor-icon-list-items\">\n\t\t\t\t\t\t\t<li class=\"elementor-icon-list-item\">\n\t\t\t\t\t\t\t\t\t\t\t<a href=\"https:\/\/multimedia.ismt.pt\/wp-content\/uploads\/2021\/05\/Manual_de_Normas_v2.pdf\">\n\n\t\t\t\t\t\t\t\t\t\t\t\t<span class=\"elementor-icon-list-icon\">\n\t\t\t\t\t\t\t<i aria-hidden=\"true\" class=\"far fa-file-pdf\"><\/i>\t\t\t\t\t\t<\/span>\n\t\t\t\t\t\t\t\t\t\t<span class=\"elementor-icon-list-text\"><b> Manual de Identidade <\/b> (.pdf) <\/span>\n\t\t\t\t\t\t\t\t\t\t\t<\/a>\n\t\t\t\t\t\t\t\t\t<\/li>\n\t\t\t\t\t\t\t\t<li class=\"elementor-icon-list-item\">\n\t\t\t\t\t\t\t\t\t\t\t<a href=\"https:\/\/multimedia.ismt.pt\/wp-content\/uploads\/2021\/05\/Logotipo_Multimedia_ISMT.zip\">\n\n\t\t\t\t\t\t\t\t\t\t\t\t<span class=\"elementor-icon-list-icon\">\n\t\t\t\t\t\t\t<i aria-hidden=\"true\" class=\"far fa-file-pdf\"><\/i>\t\t\t\t\t\t<\/span>\n\t\t\t\t\t\t\t\t\t\t<span class=\"elementor-icon-list-text\"><b>Logo Multim\u00e9dia <\/b> (.zip)<\/span>\n\t\t\t\t\t\t\t\t\t\t\t<\/a>\n\t\t\t\t\t\t\t\t\t<\/li>\n\t\t\t\t\t\t\t\t<li class=\"elementor-icon-list-item\">\n\t\t\t\t\t\t\t\t\t\t\t<a href=\"https:\/\/multimedia.ismt.pt\/wp-content\/uploads\/2021\/05\/Fontes.zip\">\n\n\t\t\t\t\t\t\t\t\t\t\t\t<span class=\"elementor-icon-list-icon\">\n\t\t\t\t\t\t\t<i aria-hidden=\"true\" class=\"far fa-file-pdf\"><\/i>\t\t\t\t\t\t<\/span>\n\t\t\t\t\t\t\t\t\t\t<span class=\"elementor-icon-list-text\"><b> Fontes Tipogr\u00e1ficas <\/b>(.zip)<\/span>\n\t\t\t\t\t\t\t\t\t\t\t<\/a>\n\t\t\t\t\t\t\t\t\t<\/li>\n\t\t\t\t\t\t\t\t<li class=\"elementor-icon-list-item\">\n\t\t\t\t\t\t\t\t\t\t\t<a href=\"https:\/\/multimedia.ismt.pt\/?attachment_id=15872\">\n\n\t\t\t\t\t\t\t\t\t\t\t\t<span class=\"elementor-icon-list-icon\">\n\t\t\t\t\t\t\t<i aria-hidden=\"true\" class=\"far fa-file-pdf\"><\/i>\t\t\t\t\t\t<\/span>\n\t\t\t\t\t\t\t\t\t\t<span class=\"elementor-icon-list-text\"><b>Logo ISMT <\/b>(.zip)<\/span>\n\t\t\t\t\t\t\t\t\t\t\t<\/a>\n\t\t\t\t\t\t\t\t\t<\/li>\n\t\t\t\t\t\t<\/ul>\n\t\t\t\t<\/div>\n\t\t\t\t<\/div>\n\t\t\t\t\t<\/div>\n\t\t<\/div>\n\t\t\t\t\t\t\t<\/div>\n\t\t<\/section>\n\t\t\t\t<section class=\"elementor-section elementor-top-section elementor-element elementor-element-9fa94c5 elementor-section-boxed elementor-section-height-default elementor-section-height-default\" data-id=\"9fa94c5\" data-element_type=\"section\">\n\t\t\t\t\t\t<div class=\"elementor-container elementor-column-gap-default\">\n\t\t\t\t\t<div class=\"elementor-column elementor-col-100 elementor-top-column elementor-element elementor-element-6bbaf0c\" data-id=\"6bbaf0c\" data-element_type=\"column\">\n\t\t\t<div class=\"elementor-widget-wrap elementor-element-populated\">\n\t\t\t\t\t\t\t\t<div class=\"elementor-element elementor-element-30a533c elementor-widget elementor-widget-spacer\" data-id=\"30a533c\" data-element_type=\"widget\" data-widget_type=\"spacer.default\">\n\t\t\t\t<div class=\"elementor-widget-container\">\n\t\t\t\t\t<div class=\"elementor-spacer\">\n\t\t\t<div class=\"elementor-spacer-inner\"><\/div>\n\t\t<\/div>\n\t\t\t\t<\/div>\n\t\t\t\t<\/div>\n\t\t\t\t\t<\/div>\n\t\t<\/div>\n\t\t\t\t\t\t\t<\/div>\n\t\t<\/section>\n\t\t\t\t<section class=\"elementor-section elementor-top-section elementor-element elementor-element-e92db19 elementor-section-boxed elementor-section-height-default elementor-section-height-default\" data-id=\"e92db19\" data-element_type=\"section\">\n\t\t\t\t\t\t<div class=\"elementor-container elementor-column-gap-default\">\n\t\t\t\t\t<div class=\"elementor-column elementor-col-100 elementor-top-column elementor-element elementor-element-099f7b6\" data-id=\"099f7b6\" data-element_type=\"column\">\n\t\t\t<div class=\"elementor-widget-wrap elementor-element-populated\">\n\t\t\t\t\t\t\t\t<div class=\"elementor-element elementor-element-2d00fed elementor-widget elementor-widget-html\" data-id=\"2d00fed\" data-element_type=\"widget\" data-widget_type=\"html.default\">\n\t\t\t\t<div class=\"elementor-widget-container\">\n\t\t\t<script src=\"https:\/\/apps.elfsight.com\/p\/platform.js\" defer><\/script>\r\n<div class=\"elfsight-app-1eaa8aba-d92a-4180-a73a-caa3cf0d3aec\"><\/div>\t\t<\/div>\n\t\t\t\t<\/div>\n\t\t\t\t\t<\/div>\n\t\t<\/div>\n\t\t\t\t\t\t\t<\/div>\n\t\t<\/section>\n\t\t\t\t\t\t\t<\/div>\n\t\t","protected":false},"excerpt":{"rendered":"<p>Documenta\u00e7\u00e3o Documentos Oficiais Despacho da Rep\u00fablica n\u00ba 9034\/2020 Regulamento Geral de Avalia\u00e7\u00e3o e de Procedimentos Acad\u00e9micos do ISMT (Cursos de 1\u00ba Ciclo) Regulamento Disciplinar do ISMT Regulamento dos Servi\u00e7os Administrativos e Acad\u00e9micos do ISMT Regulamento de Mobilidade Internacional de Estudantes do ISMT Identidade do Curso Manual de Identidade (.pdf) Logo Multim\u00e9dia (.zip) Fontes Tipogr\u00e1ficas (.zip) [&hellip;]<\/p>\n","protected":false},"author":1,"featured_media":0,"parent":0,"menu_order":4,"comment_status":"closed","ping_status":"closed","template":"elementor_header_footer","meta":{"footnotes":""},"yoast_head":"<!-- This site is optimized with the Yoast SEO plugin v21.3 - https:\/\/yoast.com\/wordpress\/plugins\/seo\/ -->\n<title>Documenta\u00e7\u00e3o - Licenciatura de Multim\u00e9dia do ISMT - Coimbra<\/title>\n<meta name=\"description\" content=\"\u00c1rea da documenta\u00e7\u00e3o complementar de projetos da Licenciatura de Multim\u00e9dia do ISMT - Instituto Superior Miguel Torga - Coimbra.\" \/>\n<meta name=\"robots\" content=\"index, follow, max-snippet:-1, max-image-preview:large, max-video-preview:-1\" \/>\n<link rel=\"canonical\" href=\"https:\/\/multimedia.ismt.pt\/?page_id=51\" \/>\n<meta property=\"og:locale\" content=\"pt_PT\" \/>\n<meta property=\"og:type\" content=\"article\" \/>\n<meta property=\"og:title\" content=\"Documenta\u00e7\u00e3o - Licenciatura de Multim\u00e9dia do ISMT - Coimbra\" \/>\n<meta property=\"og:description\" content=\"\u00c1rea da documenta\u00e7\u00e3o complementar de projetos da Licenciatura de Multim\u00e9dia do ISMT - Instituto Superior Miguel Torga - Coimbra.\" \/>\n<meta property=\"og:url\" content=\"https:\/\/multimedia.ismt.pt\/?page_id=51\" \/>\n<meta property=\"og:site_name\" content=\"Licenciatura de Multim\u00e9dia do ISMT\" \/>\n<meta property=\"article:publisher\" content=\"https:\/\/www.facebook.com\/ismtmultimedia\" \/>\n<meta property=\"article:modified_time\" content=\"2022-04-28T14:58:06+00:00\" \/>\n<meta name=\"twitter:card\" content=\"summary_large_image\" \/>\n<meta name=\"twitter:label1\" content=\"Tempo estimado de leitura\" \/>\n\t<meta name=\"twitter:data1\" content=\"1 minuto\" \/>\n<script type=\"application\/ld+json\" class=\"yoast-schema-graph\">{\"@context\":\"https:\/\/schema.org\",\"@graph\":[{\"@type\":\"WebPage\",\"@id\":\"https:\/\/multimedia.ismt.pt\/?page_id=51\",\"url\":\"https:\/\/multimedia.ismt.pt\/?page_id=51\",\"name\":\"Documenta\u00e7\u00e3o - Licenciatura de Multim\u00e9dia do ISMT - Coimbra\",\"isPartOf\":{\"@id\":\"https:\/\/multimedia.ismt.pt\/#website\"},\"datePublished\":\"2020-05-06T14:14:49+00:00\",\"dateModified\":\"2022-04-28T14:58:06+00:00\",\"description\":\"\u00c1rea da documenta\u00e7\u00e3o complementar de projetos da Licenciatura de Multim\u00e9dia do ISMT - Instituto Superior Miguel Torga - Coimbra.\",\"breadcrumb\":{\"@id\":\"https:\/\/multimedia.ismt.pt\/?page_id=51#breadcrumb\"},\"inLanguage\":\"pt-PT\",\"potentialAction\":[{\"@type\":\"ReadAction\",\"target\":[\"https:\/\/multimedia.ismt.pt\/?page_id=51\"]}]},{\"@type\":\"BreadcrumbList\",\"@id\":\"https:\/\/multimedia.ismt.pt\/?page_id=51#breadcrumb\",\"itemListElement\":[{\"@type\":\"ListItem\",\"position\":1,\"name\":\"In\u00edcio\",\"item\":\"https:\/\/multimedia.ismt.pt\/\"},{\"@type\":\"ListItem\",\"position\":2,\"name\":\"Documenta\u00e7\u00e3o\"}]},{\"@type\":\"WebSite\",\"@id\":\"https:\/\/multimedia.ismt.pt\/#website\",\"url\":\"https:\/\/multimedia.ismt.pt\/\",\"name\":\"Mulltim\u00e9dia ISMT\",\"description\":\"Licenciatura de Multim\u00e9dia do ISMT\",\"publisher\":{\"@id\":\"https:\/\/multimedia.ismt.pt\/#organization\"},\"potentialAction\":[{\"@type\":\"SearchAction\",\"target\":{\"@type\":\"EntryPoint\",\"urlTemplate\":\"https:\/\/multimedia.ismt.pt\/?s={search_term_string}\"},\"query-input\":\"required name=search_term_string\"}],\"inLanguage\":\"pt-PT\"},{\"@type\":\"Organization\",\"@id\":\"https:\/\/multimedia.ismt.pt\/#organization\",\"name\":\"Instituto Superior Miguel Torga\",\"url\":\"https:\/\/multimedia.ismt.pt\/\",\"logo\":{\"@type\":\"ImageObject\",\"inLanguage\":\"pt-PT\",\"@id\":\"https:\/\/multimedia.ismt.pt\/#\/schema\/logo\/image\/\",\"url\":\"https:\/\/multimedia.ismt.pt\/wp-content\/uploads\/2020\/05\/LogoHorizontaleDistanciadeSeguranca.svg\",\"contentUrl\":\"https:\/\/multimedia.ismt.pt\/wp-content\/uploads\/2020\/05\/LogoHorizontaleDistanciadeSeguranca.svg\",\"width\":1,\"height\":1,\"caption\":\"Instituto Superior Miguel Torga\"},\"image\":{\"@id\":\"https:\/\/multimedia.ismt.pt\/#\/schema\/logo\/image\/\"},\"sameAs\":[\"https:\/\/www.facebook.com\/ismtmultimedia\",\"https:\/\/www.youtube.com\/user\/multimediaismt\"]}]}<\/script>\n<!-- \/ Yoast SEO plugin. -->","yoast_head_json":{"title":"Documenta\u00e7\u00e3o - Licenciatura de Multim\u00e9dia do ISMT - Coimbra","description":"\u00c1rea da documenta\u00e7\u00e3o complementar de projetos da Licenciatura de Multim\u00e9dia do ISMT - Instituto Superior Miguel Torga - Coimbra.","robots":{"index":"index","follow":"follow","max-snippet":"max-snippet:-1","max-image-preview":"max-image-preview:large","max-video-preview":"max-video-preview:-1"},"canonical":"https:\/\/multimedia.ismt.pt\/?page_id=51","og_locale":"pt_PT","og_type":"article","og_title":"Documenta\u00e7\u00e3o - Licenciatura de Multim\u00e9dia do ISMT - Coimbra","og_description":"\u00c1rea da documenta\u00e7\u00e3o complementar de projetos da Licenciatura de Multim\u00e9dia do ISMT - Instituto Superior Miguel Torga - Coimbra.","og_url":"https:\/\/multimedia.ismt.pt\/?page_id=51","og_site_name":"Licenciatura de Multim\u00e9dia do ISMT","article_publisher":"https:\/\/www.facebook.com\/ismtmultimedia","article_modified_time":"2022-04-28T14:58:06+00:00","twitter_card":"summary_large_image","twitter_misc":{"Tempo estimado de leitura":"1 minuto"},"schema":{"@context":"https:\/\/schema.org","@graph":[{"@type":"WebPage","@id":"https:\/\/multimedia.ismt.pt\/?page_id=51","url":"https:\/\/multimedia.ismt.pt\/?page_id=51","name":"Documenta\u00e7\u00e3o - Licenciatura de Multim\u00e9dia do ISMT - Coimbra","isPartOf":{"@id":"https:\/\/multimedia.ismt.pt\/#website"},"datePublished":"2020-05-06T14:14:49+00:00","dateModified":"2022-04-28T14:58:06+00:00","description":"\u00c1rea da documenta\u00e7\u00e3o complementar de projetos da Licenciatura de Multim\u00e9dia do ISMT - Instituto Superior Miguel Torga - Coimbra.","breadcrumb":{"@id":"https:\/\/multimedia.ismt.pt\/?page_id=51#breadcrumb"},"inLanguage":"pt-PT","potentialAction":[{"@type":"ReadAction","target":["https:\/\/multimedia.ismt.pt\/?page_id=51"]}]},{"@type":"BreadcrumbList","@id":"https:\/\/multimedia.ismt.pt\/?page_id=51#breadcrumb","itemListElement":[{"@type":"ListItem","position":1,"name":"In\u00edcio","item":"https:\/\/multimedia.ismt.pt\/"},{"@type":"ListItem","position":2,"name":"Documenta\u00e7\u00e3o"}]},{"@type":"WebSite","@id":"https:\/\/multimedia.ismt.pt\/#website","url":"https:\/\/multimedia.ismt.pt\/","name":"Mulltim\u00e9dia ISMT","description":"Licenciatura de Multim\u00e9dia do ISMT","publisher":{"@id":"https:\/\/multimedia.ismt.pt\/#organization"},"potentialAction":[{"@type":"SearchAction","target":{"@type":"EntryPoint","urlTemplate":"https:\/\/multimedia.ismt.pt\/?s={search_term_string}"},"query-input":"required name=search_term_string"}],"inLanguage":"pt-PT"},{"@type":"Organization","@id":"https:\/\/multimedia.ismt.pt\/#organization","name":"Instituto Superior Miguel Torga","url":"https:\/\/multimedia.ismt.pt\/","logo":{"@type":"ImageObject","inLanguage":"pt-PT","@id":"https:\/\/multimedia.ismt.pt\/#\/schema\/logo\/image\/","url":"https:\/\/multimedia.ismt.pt\/wp-content\/uploads\/2020\/05\/LogoHorizontaleDistanciadeSeguranca.svg","contentUrl":"https:\/\/multimedia.ismt.pt\/wp-content\/uploads\/2020\/05\/LogoHorizontaleDistanciadeSeguranca.svg","width":1,"height":1,"caption":"Instituto Superior Miguel Torga"},"image":{"@id":"https:\/\/multimedia.ismt.pt\/#\/schema\/logo\/image\/"},"sameAs":["https:\/\/www.facebook.com\/ismtmultimedia","https:\/\/www.youtube.com\/user\/multimediaismt"]}]}},"_links":{"self":[{"href":"https:\/\/multimedia.ismt.pt\/index.php?rest_route=\/wp\/v2\/pages\/51"}],"collection":[{"href":"https:\/\/multimedia.ismt.pt\/index.php?rest_route=\/wp\/v2\/pages"}],"about":[{"href":"https:\/\/multimedia.ismt.pt\/index.php?rest_route=\/wp\/v2\/types\/page"}],"author":[{"embeddable":true,"href":"https:\/\/multimedia.ismt.pt\/index.php?rest_route=\/wp\/v2\/users\/1"}],"replies":[{"embeddable":true,"href":"https:\/\/multimedia.ismt.pt\/index.php?rest_route=%2Fwp%2Fv2%2Fcomments&post=51"}],"version-history":[{"count":153,"href":"https:\/\/multimedia.ismt.pt\/index.php?rest_route=\/wp\/v2\/pages\/51\/revisions"}],"predecessor-version":[{"id":15990,"href":"https:\/\/multimedia.ismt.pt\/index.php?rest_route=\/wp\/v2\/pages\/51\/revisions\/15990"}],"wp:attachment":[{"href":"https:\/\/multimedia.ismt.pt\/index.php?rest_route=%2Fwp%2Fv2%2Fmedia&parent=51"}],"curies":[{"name":"wp","href":"https:\/\/api.w.org\/{rel}","templated":true}]}}