{"id":550,"date":"2020-05-22T17:50:51","date_gmt":"2020-05-22T17:50:51","guid":{"rendered":"https:\/\/multimedia.ismt.pt\/?page_id=550"},"modified":"2021-05-11T12:29:47","modified_gmt":"2021-05-11T12:29:47","slug":"programacao-multimedia","status":"publish","type":"page","link":"https:\/\/multimedia.ismt.pt\/?page_id=550","title":{"rendered":"Programa\u00e7\u00e3o"},"content":{"rendered":"\t\t<div data-elementor-type=\"wp-page\" data-elementor-id=\"550\" class=\"elementor elementor-550\">\n\t\t\t\t\t\t\t\t\t<section class=\"elementor-section elementor-top-section elementor-element elementor-element-e1d233a elementor-section-boxed elementor-section-height-default elementor-section-height-default\" data-id=\"e1d233a\" data-element_type=\"section\">\n\t\t\t\t\t\t<div class=\"elementor-container elementor-column-gap-default\">\n\t\t\t\t\t<div class=\"elementor-column elementor-col-100 elementor-top-column elementor-element elementor-element-5bcb463\" data-id=\"5bcb463\" data-element_type=\"column\">\n\t\t\t<div class=\"elementor-widget-wrap elementor-element-populated\">\n\t\t\t\t\t\t\t\t<div class=\"elementor-element elementor-element-02e7a37 elementor-widget elementor-widget-wp-widget-bcn_widget\" data-id=\"02e7a37\" data-element_type=\"widget\" data-widget_type=\"wp-widget-bcn_widget.default\">\n\t\t\t\t<div class=\"elementor-widget-container\">\n\t\t\t<div class=\"breadcrumbs\" vocab=\"https:\/\/schema.org\/\" typeof=\"BreadcrumbList\"><!-- Breadcrumb NavXT 7.4.1 -->\n<span property=\"itemListElement\" typeof=\"ListItem\"><a property=\"item\" typeof=\"WebPage\" title=\"Go to Licenciatura de Multim\u00e9dia do ISMT.\" href=\"https:\/\/multimedia.ismt.pt\" class=\"home\" aria-current=\"page\"><span property=\"name\">Licenciatura de Multim\u00e9dia do ISMT<\/span><\/a><meta property=\"position\" content=\"1\"><\/span><\/div>\t\t<\/div>\n\t\t\t\t<\/div>\n\t\t\t\t\t<\/div>\n\t\t<\/div>\n\t\t\t\t\t\t\t<\/div>\n\t\t<\/section>\n\t\t\t\t<section class=\"elementor-section elementor-top-section elementor-element elementor-element-0c73993 elementor-section-full_width elementor-section-height-min-height elementor-section-height-default elementor-section-items-middle\" data-id=\"0c73993\" data-element_type=\"section\" data-settings=\"{&quot;background_background&quot;:&quot;classic&quot;}\">\n\t\t\t\t\t\t\t<div class=\"elementor-background-overlay\"><\/div>\n\t\t\t\t\t\t\t<div class=\"elementor-container elementor-column-gap-default\">\n\t\t\t\t\t<div class=\"elementor-column elementor-col-100 elementor-top-column elementor-element elementor-element-cd63339 elementor-invisible\" data-id=\"cd63339\" data-element_type=\"column\" data-settings=\"{&quot;animation&quot;:&quot;fadeIn&quot;,&quot;animation_delay&quot;:200}\">\n\t\t\t<div class=\"elementor-widget-wrap elementor-element-populated\">\n\t\t\t\t\t\t\t\t<div class=\"elementor-element elementor-element-d289042 elementor-widget elementor-widget-heading\" data-id=\"d289042\" data-element_type=\"widget\" data-widget_type=\"heading.default\">\n\t\t\t\t<div class=\"elementor-widget-container\">\n\t\t\t<span class=\"elementor-heading-title elementor-size-default\"><a href=\"https:\/\/ismt.pt\/ensino\/oferta-educativa\/licenciaturas\/multimedia\/\" target=\"_blank\"><span>Unidades Curriculares<span><br><b>Programa\u00e7\u00e3o<\/b><\/a><\/span>\t\t<\/div>\n\t\t\t\t<\/div>\n\t\t\t\t<div class=\"elementor-element elementor-element-3e3cb4d elementor-widget elementor-widget-text-editor\" data-id=\"3e3cb4d\" data-element_type=\"widget\" data-widget_type=\"text-editor.default\">\n\t\t\t\t<div class=\"elementor-widget-container\">\n\t\t\t\t\t\t\tNa pr\u00f3xima sec\u00e7\u00e3o encontras\u00a0as 5 unidades curriculares da licenciatura de Multim\u00e9dia que dizem respeito \u00e0 \u00e1rea de Programa\u00e7\u00e3o\t\t\t\t\t\t<\/div>\n\t\t\t\t<\/div>\n\t\t\t\t\t<\/div>\n\t\t<\/div>\n\t\t\t\t\t\t\t<\/div>\n\t\t<\/section>\n\t\t\t\t<section class=\"elementor-section elementor-top-section elementor-element elementor-element-e9d73f3 elementor-section-boxed elementor-section-height-default elementor-section-height-default\" data-id=\"e9d73f3\" data-element_type=\"section\" data-settings=\"{&quot;background_background&quot;:&quot;classic&quot;}\">\n\t\t\t\t\t\t<div class=\"elementor-container elementor-column-gap-default\">\n\t\t\t\t\t<div class=\"elementor-column elementor-col-100 elementor-top-column elementor-element elementor-element-16abb6b\" data-id=\"16abb6b\" data-element_type=\"column\">\n\t\t\t<div class=\"elementor-widget-wrap elementor-element-populated\">\n\t\t\t\t\t\t\t\t<div class=\"elementor-element elementor-element-6f15232 elementor-widget elementor-widget-spacer\" data-id=\"6f15232\" data-element_type=\"widget\" data-widget_type=\"spacer.default\">\n\t\t\t\t<div class=\"elementor-widget-container\">\n\t\t\t\t\t<div class=\"elementor-spacer\">\n\t\t\t<div class=\"elementor-spacer-inner\"><\/div>\n\t\t<\/div>\n\t\t\t\t<\/div>\n\t\t\t\t<\/div>\n\t\t\t\t<div class=\"elementor-element elementor-element-4e010d4 elementor-tabs-view-vertical elementor-widget elementor-widget-tabs\" data-id=\"4e010d4\" data-element_type=\"widget\" data-widget_type=\"tabs.default\">\n\t\t\t\t<div class=\"elementor-widget-container\">\n\t\t\t\t\t<div class=\"elementor-tabs\">\n\t\t\t<div class=\"elementor-tabs-wrapper\" role=\"tablist\" >\n\t\t\t\t\t\t\t\t\t<div id=\"elementor-tab-title-8171\" class=\"elementor-tab-title elementor-tab-desktop-title\" aria-selected=\"true\" data-tab=\"1\" role=\"tab\" tabindex=\"0\" aria-controls=\"elementor-tab-content-8171\" aria-expanded=\"false\"><b>Introdu\u00e7\u00e3o \u00e0 Algoritmia<\/b><br><div style=\"line-height: 2.0\">1\u00ba semestre<\/div><\/div>\n\t\t\t\t\t\t\t\t\t<div id=\"elementor-tab-title-8172\" class=\"elementor-tab-title elementor-tab-desktop-title\" aria-selected=\"false\" data-tab=\"2\" role=\"tab\" tabindex=\"-1\" aria-controls=\"elementor-tab-content-8172\" aria-expanded=\"false\"><b>Programa\u00e7\u00e3o I<\/b><br><div style=\"line-height: 2.0\">2\u00ba semestre<\/div><\/div>\n\t\t\t\t\t\t\t\t\t<div id=\"elementor-tab-title-8173\" class=\"elementor-tab-title elementor-tab-desktop-title\" aria-selected=\"false\" data-tab=\"3\" role=\"tab\" tabindex=\"-1\" aria-controls=\"elementor-tab-content-8173\" aria-expanded=\"false\"><b>Programa\u00e7\u00e3o II<\/b><br><div style=\"line-height: 2.0\">3\u00ba semestre<\/div><\/div>\n\t\t\t\t\t\t\t\t\t<div id=\"elementor-tab-title-8174\" class=\"elementor-tab-title elementor-tab-desktop-title\" aria-selected=\"false\" data-tab=\"4\" role=\"tab\" tabindex=\"-1\" aria-controls=\"elementor-tab-content-8174\" aria-expanded=\"false\"><div style=\"line-height: 1.8\"><b>Programa\u00e7\u00e3o III<\/b> &<br><b>Desenvolvimento de Jogos Multim\u00e9dia<\/b><br><\/div><div style=\"line-height: 2.0\">4\u00ba semestre<\/div><\/div>\n\t\t\t\t\t\t\t<\/div>\n\t\t\t<div class=\"elementor-tabs-content-wrapper\" role=\"tablist\" aria-orientation=\"vertical\">\n\t\t\t\t\t\t\t\t\t<div class=\"elementor-tab-title elementor-tab-mobile-title\" aria-selected=\"true\" data-tab=\"1\" role=\"tab\" tabindex=\"0\" aria-controls=\"elementor-tab-content-8171\" aria-expanded=\"false\"><b>Introdu\u00e7\u00e3o \u00e0 Algoritmia<\/b><br><div style=\"line-height: 2.0\">1\u00ba semestre<\/div><\/div>\n\t\t\t\t\t<div id=\"elementor-tab-content-8171\" class=\"elementor-tab-content elementor-clearfix\" data-tab=\"1\" role=\"tabpanel\" aria-labelledby=\"elementor-tab-title-8171\" tabindex=\"0\" hidden=\"false\"><ul><li><strong>Introdu\u00e7\u00e3o \u00e0 Algoritmia<\/strong><ul><li>I &#8211; Introdu\u00e7\u00e3o \u00e0 l\u00f3gica de programa\u00e7\u00e3o<\/li><li>II &#8211; Constru\u00e7\u00e3o de algoritmos em linguagem informal e simb\u00f3lica<\/li><\/ul><\/li><\/ul><\/div>\n\t\t\t\t\t\t\t\t\t<div class=\"elementor-tab-title elementor-tab-mobile-title\" aria-selected=\"false\" data-tab=\"2\" role=\"tab\" tabindex=\"-1\" aria-controls=\"elementor-tab-content-8172\" aria-expanded=\"false\"><b>Programa\u00e7\u00e3o I<\/b><br><div style=\"line-height: 2.0\">2\u00ba semestre<\/div><\/div>\n\t\t\t\t\t<div id=\"elementor-tab-content-8172\" class=\"elementor-tab-content elementor-clearfix\" data-tab=\"2\" role=\"tabpanel\" aria-labelledby=\"elementor-tab-title-8172\" tabindex=\"0\" hidden=\"hidden\"><ul><li><strong>Programa\u00e7\u00e3o I<\/strong><ul><li>I &#8211; Introdu\u00e7\u00e3o \u00e0 programa\u00e7\u00e3o e aos Web Standarts (WS)<\/li><li>II &#8211; HTML5<\/li><li>III &#8211; CSS3<\/li><li>IV &#8211; JavaScript (JS)<\/li><\/ul><\/li><\/ul><\/div>\n\t\t\t\t\t\t\t\t\t<div class=\"elementor-tab-title elementor-tab-mobile-title\" aria-selected=\"false\" data-tab=\"3\" role=\"tab\" tabindex=\"-1\" aria-controls=\"elementor-tab-content-8173\" aria-expanded=\"false\"><b>Programa\u00e7\u00e3o II<\/b><br><div style=\"line-height: 2.0\">3\u00ba semestre<\/div><\/div>\n\t\t\t\t\t<div id=\"elementor-tab-content-8173\" class=\"elementor-tab-content elementor-clearfix\" data-tab=\"3\" role=\"tabpanel\" aria-labelledby=\"elementor-tab-title-8173\" tabindex=\"0\" hidden=\"hidden\"><ul><li><strong>Programa\u00e7\u00e3o II<\/strong><ul><li>I &#8211; Introdu\u00e7\u00e3o ao desenvolvimento de p\u00e1ginas<\/li><li>II &#8211; An\u00e1lise, desenho e implementa\u00e7\u00e3o de BD relacionais<\/li><li>III &#8211; Desenvolvimento de p\u00e1ginas din\u00e2micas com recurso a bases de dados<\/li><\/ul><\/li><\/ul><\/div>\n\t\t\t\t\t\t\t\t\t<div class=\"elementor-tab-title elementor-tab-mobile-title\" aria-selected=\"false\" data-tab=\"4\" role=\"tab\" tabindex=\"-1\" aria-controls=\"elementor-tab-content-8174\" aria-expanded=\"false\"><div style=\"line-height: 1.8\"><b>Programa\u00e7\u00e3o III<\/b> &<br><b>Desenvolvimento de Jogos Multim\u00e9dia<\/b><br><\/div><div style=\"line-height: 2.0\">4\u00ba semestre<\/div><\/div>\n\t\t\t\t\t<div id=\"elementor-tab-content-8174\" class=\"elementor-tab-content elementor-clearfix\" data-tab=\"4\" role=\"tabpanel\" aria-labelledby=\"elementor-tab-title-8174\" tabindex=\"0\" hidden=\"hidden\"><ul>\n \t<li><strong>Programa\u00e7\u00e3o III<\/strong>\n<ul>\n \t<li>I &#8211; Desenvolvimento de aplica\u00e7\u00f5es (apps) Web com recurso a frameworks JavaScripts<\/li>\n \t<li>II &#8211; Desenvolvimento de aplica\u00e7\u00f5es (apps) para dispositivos m\u00f3veis (Android)<\/li>\n<\/ul>\n<\/li>\n \t<br><li><strong>Desenvolvimento de Jogos Multim\u00e9dia<\/strong>\n<ul>\n \t<li>I \u2013 Introdu\u00e7\u00e3o aos jogos digitais<\/li>\n \t<li>II \u2013 Processo de desenho de jogos digitais<\/li>\n<\/ul>\n<\/li>\n<\/ul><\/div>\n\t\t\t\t\t\t\t<\/div>\n\t\t<\/div>\n\t\t\t\t<\/div>\n\t\t\t\t<\/div>\n\t\t\t\t<div class=\"elementor-element elementor-element-87cb2d9 elementor-widget elementor-widget-spacer\" data-id=\"87cb2d9\" data-element_type=\"widget\" data-widget_type=\"spacer.default\">\n\t\t\t\t<div class=\"elementor-widget-container\">\n\t\t\t\t\t<div class=\"elementor-spacer\">\n\t\t\t<div class=\"elementor-spacer-inner\"><\/div>\n\t\t<\/div>\n\t\t\t\t<\/div>\n\t\t\t\t<\/div>\n\t\t\t\t\t<\/div>\n\t\t<\/div>\n\t\t\t\t\t\t\t<\/div>\n\t\t<\/section>\n\t\t\t\t\t\t\t<\/div>\n\t\t","protected":false},"excerpt":{"rendered":"<p>Unidades CurricularesPrograma\u00e7\u00e3o Na pr\u00f3xima sec\u00e7\u00e3o encontras\u00a0as 5 unidades curriculares da licenciatura de Multim\u00e9dia que dizem respeito \u00e0 \u00e1rea de Programa\u00e7\u00e3o Introdu\u00e7\u00e3o \u00e0 Algoritmia1\u00ba semestre Programa\u00e7\u00e3o I2\u00ba semestre Programa\u00e7\u00e3o II3\u00ba semestre Programa\u00e7\u00e3o III &#038;Desenvolvimento de Jogos Multim\u00e9dia4\u00ba semestre Introdu\u00e7\u00e3o \u00e0 Algoritmia1\u00ba semestre Introdu\u00e7\u00e3o \u00e0 Algoritmia I &#8211; Introdu\u00e7\u00e3o \u00e0 l\u00f3gica de programa\u00e7\u00e3o II &#8211; Constru\u00e7\u00e3o de [&hellip;]<\/p>\n","protected":false},"author":1,"featured_media":0,"parent":57,"menu_order":13,"comment_status":"closed","ping_status":"closed","template":"page-templates\/full-width.php","meta":{"footnotes":""},"yoast_head":"<!-- This site is optimized with the Yoast SEO plugin v21.3 - https:\/\/yoast.com\/wordpress\/plugins\/seo\/ -->\n<title>Programa\u00e7\u00e3o - Licenciatura de Multim\u00e9dia do ISMT - Coimbra<\/title>\n<meta name=\"description\" content=\"Programa\u00e7\u00e3o UC da Licenciatura de Multim\u00e9dia do ISMT - Instituto Superior Miguel Torga - Coimbra. Do desenvolvimento do back-end ao Front-end.\" \/>\n<meta name=\"robots\" content=\"index, follow, max-snippet:-1, max-image-preview:large, max-video-preview:-1\" \/>\n<link rel=\"canonical\" href=\"https:\/\/multimedia.ismt.pt\/?page_id=550\" \/>\n<meta property=\"og:locale\" content=\"pt_PT\" \/>\n<meta property=\"og:type\" content=\"article\" \/>\n<meta property=\"og:title\" content=\"Programa\u00e7\u00e3o - Licenciatura de Multim\u00e9dia do ISMT - Coimbra\" \/>\n<meta property=\"og:description\" content=\"Programa\u00e7\u00e3o UC da Licenciatura de Multim\u00e9dia do ISMT - Instituto Superior Miguel Torga - Coimbra. Do desenvolvimento do back-end ao Front-end.\" \/>\n<meta property=\"og:url\" content=\"https:\/\/multimedia.ismt.pt\/?page_id=550\" \/>\n<meta property=\"og:site_name\" content=\"Licenciatura de Multim\u00e9dia do ISMT\" \/>\n<meta property=\"article:publisher\" content=\"https:\/\/www.facebook.com\/ismtmultimedia\" \/>\n<meta property=\"article:modified_time\" content=\"2021-05-11T12:29:47+00:00\" \/>\n<meta name=\"twitter:card\" content=\"summary_large_image\" \/>\n<meta name=\"twitter:label1\" content=\"Tempo estimado de leitura\" \/>\n\t<meta name=\"twitter:data1\" content=\"1 minuto\" \/>\n<script type=\"application\/ld+json\" class=\"yoast-schema-graph\">{\"@context\":\"https:\/\/schema.org\",\"@graph\":[{\"@type\":\"WebPage\",\"@id\":\"https:\/\/multimedia.ismt.pt\/?page_id=550\",\"url\":\"https:\/\/multimedia.ismt.pt\/?page_id=550\",\"name\":\"Programa\u00e7\u00e3o - Licenciatura de Multim\u00e9dia do ISMT - Coimbra\",\"isPartOf\":{\"@id\":\"https:\/\/multimedia.ismt.pt\/#website\"},\"datePublished\":\"2020-05-22T17:50:51+00:00\",\"dateModified\":\"2021-05-11T12:29:47+00:00\",\"description\":\"Programa\u00e7\u00e3o UC da Licenciatura de Multim\u00e9dia do ISMT - Instituto Superior Miguel Torga - Coimbra. Do desenvolvimento do back-end ao Front-end.\",\"breadcrumb\":{\"@id\":\"https:\/\/multimedia.ismt.pt\/?page_id=550#breadcrumb\"},\"inLanguage\":\"pt-PT\",\"potentialAction\":[{\"@type\":\"ReadAction\",\"target\":[\"https:\/\/multimedia.ismt.pt\/?page_id=550\"]}]},{\"@type\":\"BreadcrumbList\",\"@id\":\"https:\/\/multimedia.ismt.pt\/?page_id=550#breadcrumb\",\"itemListElement\":[{\"@type\":\"ListItem\",\"position\":1,\"name\":\"In\u00edcio\",\"item\":\"https:\/\/multimedia.ismt.pt\/\"},{\"@type\":\"ListItem\",\"position\":2,\"name\":\"Curso\",\"item\":\"https:\/\/multimedia.ismt.pt\/?page_id=57\"},{\"@type\":\"ListItem\",\"position\":3,\"name\":\"Programa\u00e7\u00e3o\"}]},{\"@type\":\"WebSite\",\"@id\":\"https:\/\/multimedia.ismt.pt\/#website\",\"url\":\"https:\/\/multimedia.ismt.pt\/\",\"name\":\"Mulltim\u00e9dia ISMT\",\"description\":\"Licenciatura de Multim\u00e9dia do ISMT\",\"publisher\":{\"@id\":\"https:\/\/multimedia.ismt.pt\/#organization\"},\"potentialAction\":[{\"@type\":\"SearchAction\",\"target\":{\"@type\":\"EntryPoint\",\"urlTemplate\":\"https:\/\/multimedia.ismt.pt\/?s={search_term_string}\"},\"query-input\":\"required name=search_term_string\"}],\"inLanguage\":\"pt-PT\"},{\"@type\":\"Organization\",\"@id\":\"https:\/\/multimedia.ismt.pt\/#organization\",\"name\":\"Instituto Superior Miguel Torga\",\"url\":\"https:\/\/multimedia.ismt.pt\/\",\"logo\":{\"@type\":\"ImageObject\",\"inLanguage\":\"pt-PT\",\"@id\":\"https:\/\/multimedia.ismt.pt\/#\/schema\/logo\/image\/\",\"url\":\"https:\/\/multimedia.ismt.pt\/wp-content\/uploads\/2020\/05\/LogoHorizontaleDistanciadeSeguranca.svg\",\"contentUrl\":\"https:\/\/multimedia.ismt.pt\/wp-content\/uploads\/2020\/05\/LogoHorizontaleDistanciadeSeguranca.svg\",\"width\":1,\"height\":1,\"caption\":\"Instituto Superior Miguel Torga\"},\"image\":{\"@id\":\"https:\/\/multimedia.ismt.pt\/#\/schema\/logo\/image\/\"},\"sameAs\":[\"https:\/\/www.facebook.com\/ismtmultimedia\",\"https:\/\/www.youtube.com\/user\/multimediaismt\"]}]}<\/script>\n<!-- \/ Yoast SEO plugin. -->","yoast_head_json":{"title":"Programa\u00e7\u00e3o - Licenciatura de Multim\u00e9dia do ISMT - Coimbra","description":"Programa\u00e7\u00e3o UC da Licenciatura de Multim\u00e9dia do ISMT - Instituto Superior Miguel Torga - Coimbra. Do desenvolvimento do back-end ao Front-end.","robots":{"index":"index","follow":"follow","max-snippet":"max-snippet:-1","max-image-preview":"max-image-preview:large","max-video-preview":"max-video-preview:-1"},"canonical":"https:\/\/multimedia.ismt.pt\/?page_id=550","og_locale":"pt_PT","og_type":"article","og_title":"Programa\u00e7\u00e3o - Licenciatura de Multim\u00e9dia do ISMT - Coimbra","og_description":"Programa\u00e7\u00e3o UC da Licenciatura de Multim\u00e9dia do ISMT - Instituto Superior Miguel Torga - Coimbra. Do desenvolvimento do back-end ao Front-end.","og_url":"https:\/\/multimedia.ismt.pt\/?page_id=550","og_site_name":"Licenciatura de Multim\u00e9dia do ISMT","article_publisher":"https:\/\/www.facebook.com\/ismtmultimedia","article_modified_time":"2021-05-11T12:29:47+00:00","twitter_card":"summary_large_image","twitter_misc":{"Tempo estimado de leitura":"1 minuto"},"schema":{"@context":"https:\/\/schema.org","@graph":[{"@type":"WebPage","@id":"https:\/\/multimedia.ismt.pt\/?page_id=550","url":"https:\/\/multimedia.ismt.pt\/?page_id=550","name":"Programa\u00e7\u00e3o - Licenciatura de Multim\u00e9dia do ISMT - Coimbra","isPartOf":{"@id":"https:\/\/multimedia.ismt.pt\/#website"},"datePublished":"2020-05-22T17:50:51+00:00","dateModified":"2021-05-11T12:29:47+00:00","description":"Programa\u00e7\u00e3o UC da Licenciatura de Multim\u00e9dia do ISMT - Instituto Superior Miguel Torga - Coimbra. Do desenvolvimento do back-end ao Front-end.","breadcrumb":{"@id":"https:\/\/multimedia.ismt.pt\/?page_id=550#breadcrumb"},"inLanguage":"pt-PT","potentialAction":[{"@type":"ReadAction","target":["https:\/\/multimedia.ismt.pt\/?page_id=550"]}]},{"@type":"BreadcrumbList","@id":"https:\/\/multimedia.ismt.pt\/?page_id=550#breadcrumb","itemListElement":[{"@type":"ListItem","position":1,"name":"In\u00edcio","item":"https:\/\/multimedia.ismt.pt\/"},{"@type":"ListItem","position":2,"name":"Curso","item":"https:\/\/multimedia.ismt.pt\/?page_id=57"},{"@type":"ListItem","position":3,"name":"Programa\u00e7\u00e3o"}]},{"@type":"WebSite","@id":"https:\/\/multimedia.ismt.pt\/#website","url":"https:\/\/multimedia.ismt.pt\/","name":"Mulltim\u00e9dia ISMT","description":"Licenciatura de Multim\u00e9dia do ISMT","publisher":{"@id":"https:\/\/multimedia.ismt.pt\/#organization"},"potentialAction":[{"@type":"SearchAction","target":{"@type":"EntryPoint","urlTemplate":"https:\/\/multimedia.ismt.pt\/?s={search_term_string}"},"query-input":"required name=search_term_string"}],"inLanguage":"pt-PT"},{"@type":"Organization","@id":"https:\/\/multimedia.ismt.pt\/#organization","name":"Instituto Superior Miguel Torga","url":"https:\/\/multimedia.ismt.pt\/","logo":{"@type":"ImageObject","inLanguage":"pt-PT","@id":"https:\/\/multimedia.ismt.pt\/#\/schema\/logo\/image\/","url":"https:\/\/multimedia.ismt.pt\/wp-content\/uploads\/2020\/05\/LogoHorizontaleDistanciadeSeguranca.svg","contentUrl":"https:\/\/multimedia.ismt.pt\/wp-content\/uploads\/2020\/05\/LogoHorizontaleDistanciadeSeguranca.svg","width":1,"height":1,"caption":"Instituto Superior Miguel Torga"},"image":{"@id":"https:\/\/multimedia.ismt.pt\/#\/schema\/logo\/image\/"},"sameAs":["https:\/\/www.facebook.com\/ismtmultimedia","https:\/\/www.youtube.com\/user\/multimediaismt"]}]}},"_links":{"self":[{"href":"https:\/\/multimedia.ismt.pt\/index.php?rest_route=\/wp\/v2\/pages\/550"}],"collection":[{"href":"https:\/\/multimedia.ismt.pt\/index.php?rest_route=\/wp\/v2\/pages"}],"about":[{"href":"https:\/\/multimedia.ismt.pt\/index.php?rest_route=\/wp\/v2\/types\/page"}],"author":[{"embeddable":true,"href":"https:\/\/multimedia.ismt.pt\/index.php?rest_route=\/wp\/v2\/users\/1"}],"replies":[{"embeddable":true,"href":"https:\/\/multimedia.ismt.pt\/index.php?rest_route=%2Fwp%2Fv2%2Fcomments&post=550"}],"version-history":[{"count":107,"href":"https:\/\/multimedia.ismt.pt\/index.php?rest_route=\/wp\/v2\/pages\/550\/revisions"}],"predecessor-version":[{"id":12480,"href":"https:\/\/multimedia.ismt.pt\/index.php?rest_route=\/wp\/v2\/pages\/550\/revisions\/12480"}],"up":[{"embeddable":true,"href":"https:\/\/multimedia.ismt.pt\/index.php?rest_route=\/wp\/v2\/pages\/57"}],"wp:attachment":[{"href":"https:\/\/multimedia.ismt.pt\/index.php?rest_route=%2Fwp%2Fv2%2Fmedia&parent=550"}],"curies":[{"name":"wp","href":"https:\/\/api.w.org\/{rel}","templated":true}]}}