{"id":570,"date":"2020-05-22T20:47:27","date_gmt":"2020-05-22T20:47:27","guid":{"rendered":"https:\/\/multimedia.ismt.pt\/?page_id=570"},"modified":"2021-05-11T12:27:50","modified_gmt":"2021-05-11T12:27:50","slug":"comunicacao-multimedia","status":"publish","type":"page","link":"https:\/\/multimedia.ismt.pt\/?page_id=570","title":{"rendered":"Comunica\u00e7\u00e3o"},"content":{"rendered":"\t\t<div data-elementor-type=\"wp-page\" data-elementor-id=\"570\" class=\"elementor elementor-570\">\n\t\t\t\t\t\t\t\t\t<section class=\"elementor-section elementor-top-section elementor-element elementor-element-09d3b3e elementor-section-boxed elementor-section-height-default elementor-section-height-default\" data-id=\"09d3b3e\" data-element_type=\"section\">\n\t\t\t\t\t\t<div class=\"elementor-container elementor-column-gap-default\">\n\t\t\t\t\t<div class=\"elementor-column elementor-col-100 elementor-top-column elementor-element elementor-element-e8af3f2\" data-id=\"e8af3f2\" data-element_type=\"column\">\n\t\t\t<div class=\"elementor-widget-wrap elementor-element-populated\">\n\t\t\t\t\t\t\t\t<div class=\"elementor-element elementor-element-8d98f4d elementor-widget elementor-widget-wp-widget-bcn_widget\" data-id=\"8d98f4d\" data-element_type=\"widget\" data-widget_type=\"wp-widget-bcn_widget.default\">\n\t\t\t\t<div class=\"elementor-widget-container\">\n\t\t\t<div class=\"breadcrumbs\" vocab=\"https:\/\/schema.org\/\" typeof=\"BreadcrumbList\"><!-- Breadcrumb NavXT 7.4.1 -->\n<span property=\"itemListElement\" typeof=\"ListItem\"><a property=\"item\" typeof=\"WebPage\" title=\"Go to Licenciatura de Multim\u00e9dia do ISMT.\" href=\"https:\/\/multimedia.ismt.pt\" class=\"home\" aria-current=\"page\"><span property=\"name\">Licenciatura de Multim\u00e9dia do ISMT<\/span><\/a><meta property=\"position\" content=\"1\"><\/span><\/div>\t\t<\/div>\n\t\t\t\t<\/div>\n\t\t\t\t\t<\/div>\n\t\t<\/div>\n\t\t\t\t\t\t\t<\/div>\n\t\t<\/section>\n\t\t\t\t<section class=\"elementor-section elementor-top-section elementor-element elementor-element-deb726b elementor-section-full_width elementor-section-height-min-height elementor-section-height-default elementor-section-items-middle\" data-id=\"deb726b\" data-element_type=\"section\" data-settings=\"{&quot;background_background&quot;:&quot;classic&quot;}\">\n\t\t\t\t\t\t\t<div class=\"elementor-background-overlay\"><\/div>\n\t\t\t\t\t\t\t<div class=\"elementor-container elementor-column-gap-default\">\n\t\t\t\t\t<div class=\"elementor-column elementor-col-100 elementor-top-column elementor-element elementor-element-90da739 elementor-invisible\" data-id=\"90da739\" data-element_type=\"column\" data-settings=\"{&quot;animation&quot;:&quot;fadeIn&quot;,&quot;animation_delay&quot;:200}\">\n\t\t\t<div class=\"elementor-widget-wrap elementor-element-populated\">\n\t\t\t\t\t\t\t\t<div class=\"elementor-element elementor-element-162726b elementor-widget elementor-widget-heading\" data-id=\"162726b\" data-element_type=\"widget\" data-widget_type=\"heading.default\">\n\t\t\t\t<div class=\"elementor-widget-container\">\n\t\t\t<span class=\"elementor-heading-title elementor-size-default\"><a href=\"https:\/\/ismt.pt\/ensino\/oferta-educativa\/licenciaturas\/multimedia\/\" target=\"_blank\">Unidades Curriculares <br><b>Comunica\u00e7\u00e3o<\/b><\/a><\/span>\t\t<\/div>\n\t\t\t\t<\/div>\n\t\t\t\t<div class=\"elementor-element elementor-element-592280f elementor-widget elementor-widget-text-editor\" data-id=\"592280f\" data-element_type=\"widget\" data-widget_type=\"text-editor.default\">\n\t\t\t\t<div class=\"elementor-widget-container\">\n\t\t\t\t\t\t\t<span>Na pr\u00f3xima sec\u00e7\u00e3o encontras as 6 unidades curriculares de Multim\u00e9dia e que dizem respeito \u00e0 \u00e1rea de Comunica\u00e7\u00e3o.<\/span>\t\t\t\t\t\t<\/div>\n\t\t\t\t<\/div>\n\t\t\t\t\t<\/div>\n\t\t<\/div>\n\t\t\t\t\t\t\t<\/div>\n\t\t<\/section>\n\t\t\t\t<section class=\"elementor-section elementor-top-section elementor-element elementor-element-dda4e0d elementor-section-boxed elementor-section-height-default elementor-section-height-default\" data-id=\"dda4e0d\" data-element_type=\"section\" data-settings=\"{&quot;background_background&quot;:&quot;classic&quot;}\">\n\t\t\t\t\t\t<div class=\"elementor-container elementor-column-gap-default\">\n\t\t\t\t\t<div class=\"elementor-column elementor-col-100 elementor-top-column elementor-element elementor-element-6826462\" data-id=\"6826462\" data-element_type=\"column\">\n\t\t\t<div class=\"elementor-widget-wrap elementor-element-populated\">\n\t\t\t\t\t\t\t\t<div class=\"elementor-element elementor-element-8c18387 elementor-widget elementor-widget-spacer\" data-id=\"8c18387\" data-element_type=\"widget\" data-widget_type=\"spacer.default\">\n\t\t\t\t<div class=\"elementor-widget-container\">\n\t\t\t\t\t<div class=\"elementor-spacer\">\n\t\t\t<div class=\"elementor-spacer-inner\"><\/div>\n\t\t<\/div>\n\t\t\t\t<\/div>\n\t\t\t\t<\/div>\n\t\t\t\t<div class=\"elementor-element elementor-element-e9d34e5 elementor-tabs-view-vertical elementor-widget elementor-widget-tabs\" data-id=\"e9d34e5\" data-element_type=\"widget\" data-widget_type=\"tabs.default\">\n\t\t\t\t<div class=\"elementor-widget-container\">\n\t\t\t\t\t<div class=\"elementor-tabs\">\n\t\t\t<div class=\"elementor-tabs-wrapper\" role=\"tablist\" >\n\t\t\t\t\t\t\t\t\t<div id=\"elementor-tab-title-2451\" class=\"elementor-tab-title elementor-tab-desktop-title\" aria-selected=\"true\" data-tab=\"1\" role=\"tab\" tabindex=\"0\" aria-controls=\"elementor-tab-content-2451\" aria-expanded=\"false\"><div style=\"line-height: 1.8\"><b>Introdu\u00e7\u00e3o Estudo Comunica\u00e7\u00e3o<\/b> &<br> <b>Modelos da Narrativa Multim\u00e9dia<\/b><\/div><div style=\"line-height: 2.0\">1\u00ba semestre<\/div><\/div>\n\t\t\t\t\t\t\t\t\t<div id=\"elementor-tab-title-2452\" class=\"elementor-tab-title elementor-tab-desktop-title\" aria-selected=\"false\" data-tab=\"2\" role=\"tab\" tabindex=\"-1\" aria-controls=\"elementor-tab-content-2452\" aria-expanded=\"false\"><b>Cibercultura<\/b><br> <div style=\"line-height: 2.0\">2\u00ba semestre<\/div><\/div>\n\t\t\t\t\t\t\t\t\t<div id=\"elementor-tab-title-2453\" class=\"elementor-tab-title elementor-tab-desktop-title\" aria-selected=\"false\" data-tab=\"3\" role=\"tab\" tabindex=\"-1\" aria-controls=\"elementor-tab-content-2453\" aria-expanded=\"false\"><b>Psicologia da Percep\u00e7\u00e3o<\/b><br> <div style=\"line-height: 2.0\">3\u00ba semestre<\/div><\/div>\n\t\t\t\t\t\t\t\t\t<div id=\"elementor-tab-title-2454\" class=\"elementor-tab-title elementor-tab-desktop-title\" aria-selected=\"false\" data-tab=\"4\" role=\"tab\" tabindex=\"-1\" aria-controls=\"elementor-tab-content-2454\" aria-expanded=\"false\"><b>Direito Comunica\u00e7\u00e3o<\/b> &<br> <b>Ind\u00fastrias Criativas e Modelos de Neg\u00f3cio<\/b><br> <div style=\"line-height: 2.0\">5\u00ba semestre<\/div><\/div>\n\t\t\t\t\t\t\t<\/div>\n\t\t\t<div class=\"elementor-tabs-content-wrapper\" role=\"tablist\" aria-orientation=\"vertical\">\n\t\t\t\t\t\t\t\t\t<div class=\"elementor-tab-title elementor-tab-mobile-title\" aria-selected=\"true\" data-tab=\"1\" role=\"tab\" tabindex=\"0\" aria-controls=\"elementor-tab-content-2451\" aria-expanded=\"false\"><div style=\"line-height: 1.8\"><b>Introdu\u00e7\u00e3o Estudo Comunica\u00e7\u00e3o<\/b> &<br> <b>Modelos da Narrativa Multim\u00e9dia<\/b><\/div><div style=\"line-height: 2.0\">1\u00ba semestre<\/div><\/div>\n\t\t\t\t\t<div id=\"elementor-tab-content-2451\" class=\"elementor-tab-content elementor-clearfix\" data-tab=\"1\" role=\"tabpanel\" aria-labelledby=\"elementor-tab-title-2451\" tabindex=\"0\" hidden=\"false\"><ul>\n \t<li><strong>Introdu\u00e7\u00e3o ao Estudo da Comunica\u00e7\u00e3o<\/strong>\n<ul>\n \t<li>I &#8211; Fundamentos de investiga\u00e7\u00e3o em ci\u00eancias sociais<\/li>\n \t<li>II &#8211; Bases conceptuais para o estudo da comunica\u00e7\u00e3o<\/li>\n \t<li>III &#8211; Modeliza\u00e7\u00e3o no estudo da comunica\u00e7\u00e3o<\/li>\n \t<li>IV &#8211; Fundamentos de semi\u00f3tica<\/li>\n<\/ul>\n<\/li>\n<br>\n \t<li><strong>Modelos da Narrativa Multim\u00e9dia<\/strong>\n<ul>\n \t<li>I &#8211; Modelos de Narrativa<\/li>\n \t<li>II &#8211; Narrativa Multim\u00e9dia<\/li>\n \t<li>III &#8211; Cultura Visual<\/li>\n<\/ul>\n<\/li>\n<\/ul><\/div>\n\t\t\t\t\t\t\t\t\t<div class=\"elementor-tab-title elementor-tab-mobile-title\" aria-selected=\"false\" data-tab=\"2\" role=\"tab\" tabindex=\"-1\" aria-controls=\"elementor-tab-content-2452\" aria-expanded=\"false\"><b>Cibercultura<\/b><br> <div style=\"line-height: 2.0\">2\u00ba semestre<\/div><\/div>\n\t\t\t\t\t<div id=\"elementor-tab-content-2452\" class=\"elementor-tab-content elementor-clearfix\" data-tab=\"2\" role=\"tabpanel\" aria-labelledby=\"elementor-tab-title-2452\" tabindex=\"0\" hidden=\"hidden\"><ul><li><strong>Cibercultura<\/strong><ul><li>I &#8211; Internet e Cultura Digital<\/li><li>II &#8211; M\u00e9todos Digitais<\/li><\/ul><\/li><\/ul><\/div>\n\t\t\t\t\t\t\t\t\t<div class=\"elementor-tab-title elementor-tab-mobile-title\" aria-selected=\"false\" data-tab=\"3\" role=\"tab\" tabindex=\"-1\" aria-controls=\"elementor-tab-content-2453\" aria-expanded=\"false\"><b>Psicologia da Percep\u00e7\u00e3o<\/b><br> <div style=\"line-height: 2.0\">3\u00ba semestre<\/div><\/div>\n\t\t\t\t\t<div id=\"elementor-tab-content-2453\" class=\"elementor-tab-content elementor-clearfix\" data-tab=\"3\" role=\"tabpanel\" aria-labelledby=\"elementor-tab-title-2453\" tabindex=\"0\" hidden=\"hidden\"><ul><li><strong>Psicologia da Percep\u00e7\u00e3o<\/strong><ul><li>I &#8211; Introdu\u00e7\u00e3o: conceito e objeto da Psicologia<\/li><li>II &#8211; Psicologia da Gestalt ou Psicologia da Forma<\/li><li>III &#8211; Processos sensoriais e perceptivos: aten\u00e7\u00e3o, sensa\u00e7\u00e3o e perce\u00e7\u00e3o<\/li><li>IV &#8211; Percep\u00e7\u00e3o<\/li><li>V &#8211; As ilus\u00f5es visuais (geom\u00e9tricas e angulares, tamanho\/dist\u00e2ncia, dire\u00e7\u00e3o-posi\u00e7\u00e3o, luminosidade e contraste, cor, movimento)<\/li><li>VI &#8211; Psicologia da Cor<\/li><\/ul><\/li><\/ul><\/div>\n\t\t\t\t\t\t\t\t\t<div class=\"elementor-tab-title elementor-tab-mobile-title\" aria-selected=\"false\" data-tab=\"4\" role=\"tab\" tabindex=\"-1\" aria-controls=\"elementor-tab-content-2454\" aria-expanded=\"false\"><b>Direito Comunica\u00e7\u00e3o<\/b> &<br> <b>Ind\u00fastrias Criativas e Modelos de Neg\u00f3cio<\/b><br> <div style=\"line-height: 2.0\">5\u00ba semestre<\/div><\/div>\n\t\t\t\t\t<div id=\"elementor-tab-content-2454\" class=\"elementor-tab-content elementor-clearfix\" data-tab=\"4\" role=\"tabpanel\" aria-labelledby=\"elementor-tab-title-2454\" tabindex=\"0\" hidden=\"hidden\"><ul>\n \t<li><strong>Direito da Comunica\u00e7\u00e3o<\/strong>\n<ul>\n \t<li>I &#8211; A liberdade de express\u00e3o, primeira face da comunica\u00e7\u00e3o<\/li>\n \t<li>II &#8211; As fontes do direito da comunica\u00e7\u00e3o social<\/li>\n \t<li>III &#8211; A liberdade de express\u00e3o e de informa\u00e7\u00e3<\/li>\n \t<li>IV &#8211; Garantias de independ\u00eancia e pluralismo na comunica\u00e7\u00e3o social<\/li>\n \t<li>V &#8211; Os limites \u00e0 liberdade<\/li>\n \t<li>VI &#8211; A regula\u00e7\u00e3o da comunica\u00e7\u00e3o social em Portugal<\/li>\n \t<li>VII &#8211; Prote\u00e7\u00e3o jur\u00eddica<\/li>\n<\/ul>\n<\/li>\n <br>\t<li><strong>Ind\u00fastrias Criativas e Modelos de Neg\u00f3cio<\/strong>\n<ul>\n \t<li>I &#8211; Plano de neg\u00f3cio ao Modelo de Neg\u00f3cio<\/li>\n \t<li>II &#8211; Organiza\u00e7\u00e3o<\/li>\n \t<li>III &#8211; Atividade e Inova\u00e7\u00e3o<\/li>\n \t<li>IV &#8211; Gest\u00e3o da Comunica\u00e7\u00e3o e dimens\u00e3o estrat\u00e9gica da Imagem<\/li>\n<\/ul>\n<\/li>\n<\/ul><\/div>\n\t\t\t\t\t\t\t<\/div>\n\t\t<\/div>\n\t\t\t\t<\/div>\n\t\t\t\t<\/div>\n\t\t\t\t<div class=\"elementor-element elementor-element-cd58846 elementor-widget elementor-widget-spacer\" data-id=\"cd58846\" data-element_type=\"widget\" data-widget_type=\"spacer.default\">\n\t\t\t\t<div class=\"elementor-widget-container\">\n\t\t\t\t\t<div class=\"elementor-spacer\">\n\t\t\t<div class=\"elementor-spacer-inner\"><\/div>\n\t\t<\/div>\n\t\t\t\t<\/div>\n\t\t\t\t<\/div>\n\t\t\t\t\t<\/div>\n\t\t<\/div>\n\t\t\t\t\t\t\t<\/div>\n\t\t<\/section>\n\t\t\t\t\t\t\t<\/div>\n\t\t","protected":false},"excerpt":{"rendered":"<p>Unidades Curriculares Comunica\u00e7\u00e3o Na pr\u00f3xima sec\u00e7\u00e3o encontras as 6 unidades curriculares de Multim\u00e9dia e que dizem respeito \u00e0 \u00e1rea de Comunica\u00e7\u00e3o. Introdu\u00e7\u00e3o Estudo Comunica\u00e7\u00e3o &#038; Modelos da Narrativa Multim\u00e9dia1\u00ba semestre Cibercultura 2\u00ba semestre Psicologia da Percep\u00e7\u00e3o 3\u00ba semestre Direito Comunica\u00e7\u00e3o &#038; Ind\u00fastrias Criativas e Modelos de Neg\u00f3cio 5\u00ba semestre Introdu\u00e7\u00e3o Estudo Comunica\u00e7\u00e3o &#038; Modelos da [&hellip;]<\/p>\n","protected":false},"author":1,"featured_media":0,"parent":57,"menu_order":14,"comment_status":"closed","ping_status":"closed","template":"page-templates\/full-width.php","meta":{"footnotes":""},"yoast_head":"<!-- This site is optimized with the Yoast SEO plugin v21.3 - https:\/\/yoast.com\/wordpress\/plugins\/seo\/ -->\n<title>Comunica\u00e7\u00e3o - Licenciatura de Multim\u00e9dia do ISMT - Coimbra<\/title>\n<meta name=\"description\" content=\"Comunica\u00e7\u00e3o UC da Licenciatura de Multim\u00e9dia do ISMT - Instituto Superior Miguel Torga - Coimbra. A arte e o saber da comunica\u00e7\u00e3o.\" \/>\n<meta name=\"robots\" content=\"index, follow, max-snippet:-1, max-image-preview:large, max-video-preview:-1\" \/>\n<link rel=\"canonical\" href=\"https:\/\/multimedia.ismt.pt\/?page_id=570\" \/>\n<meta property=\"og:locale\" content=\"pt_PT\" \/>\n<meta property=\"og:type\" content=\"article\" \/>\n<meta property=\"og:title\" content=\"Comunica\u00e7\u00e3o - Licenciatura de Multim\u00e9dia do ISMT - Coimbra\" \/>\n<meta property=\"og:description\" content=\"Comunica\u00e7\u00e3o UC da Licenciatura de Multim\u00e9dia do ISMT - Instituto Superior Miguel Torga - Coimbra. A arte e o saber da comunica\u00e7\u00e3o.\" \/>\n<meta property=\"og:url\" content=\"https:\/\/multimedia.ismt.pt\/?page_id=570\" \/>\n<meta property=\"og:site_name\" content=\"Licenciatura de Multim\u00e9dia do ISMT\" \/>\n<meta property=\"article:publisher\" content=\"https:\/\/www.facebook.com\/ismtmultimedia\" \/>\n<meta property=\"article:modified_time\" content=\"2021-05-11T12:27:50+00:00\" \/>\n<meta name=\"twitter:card\" content=\"summary_large_image\" \/>\n<meta name=\"twitter:label1\" content=\"Tempo estimado de leitura\" \/>\n\t<meta name=\"twitter:data1\" content=\"2 minutos\" \/>\n<script type=\"application\/ld+json\" class=\"yoast-schema-graph\">{\"@context\":\"https:\/\/schema.org\",\"@graph\":[{\"@type\":\"WebPage\",\"@id\":\"https:\/\/multimedia.ismt.pt\/?page_id=570\",\"url\":\"https:\/\/multimedia.ismt.pt\/?page_id=570\",\"name\":\"Comunica\u00e7\u00e3o - Licenciatura de Multim\u00e9dia do ISMT - Coimbra\",\"isPartOf\":{\"@id\":\"https:\/\/multimedia.ismt.pt\/#website\"},\"datePublished\":\"2020-05-22T20:47:27+00:00\",\"dateModified\":\"2021-05-11T12:27:50+00:00\",\"description\":\"Comunica\u00e7\u00e3o UC da Licenciatura de Multim\u00e9dia do ISMT - Instituto Superior Miguel Torga - Coimbra. A arte e o saber da comunica\u00e7\u00e3o.\",\"breadcrumb\":{\"@id\":\"https:\/\/multimedia.ismt.pt\/?page_id=570#breadcrumb\"},\"inLanguage\":\"pt-PT\",\"potentialAction\":[{\"@type\":\"ReadAction\",\"target\":[\"https:\/\/multimedia.ismt.pt\/?page_id=570\"]}]},{\"@type\":\"BreadcrumbList\",\"@id\":\"https:\/\/multimedia.ismt.pt\/?page_id=570#breadcrumb\",\"itemListElement\":[{\"@type\":\"ListItem\",\"position\":1,\"name\":\"In\u00edcio\",\"item\":\"https:\/\/multimedia.ismt.pt\/\"},{\"@type\":\"ListItem\",\"position\":2,\"name\":\"Curso\",\"item\":\"https:\/\/multimedia.ismt.pt\/?page_id=57\"},{\"@type\":\"ListItem\",\"position\":3,\"name\":\"Comunica\u00e7\u00e3o\"}]},{\"@type\":\"WebSite\",\"@id\":\"https:\/\/multimedia.ismt.pt\/#website\",\"url\":\"https:\/\/multimedia.ismt.pt\/\",\"name\":\"Mulltim\u00e9dia ISMT\",\"description\":\"Licenciatura de Multim\u00e9dia do ISMT\",\"publisher\":{\"@id\":\"https:\/\/multimedia.ismt.pt\/#organization\"},\"potentialAction\":[{\"@type\":\"SearchAction\",\"target\":{\"@type\":\"EntryPoint\",\"urlTemplate\":\"https:\/\/multimedia.ismt.pt\/?s={search_term_string}\"},\"query-input\":\"required name=search_term_string\"}],\"inLanguage\":\"pt-PT\"},{\"@type\":\"Organization\",\"@id\":\"https:\/\/multimedia.ismt.pt\/#organization\",\"name\":\"Instituto Superior Miguel Torga\",\"url\":\"https:\/\/multimedia.ismt.pt\/\",\"logo\":{\"@type\":\"ImageObject\",\"inLanguage\":\"pt-PT\",\"@id\":\"https:\/\/multimedia.ismt.pt\/#\/schema\/logo\/image\/\",\"url\":\"https:\/\/multimedia.ismt.pt\/wp-content\/uploads\/2020\/05\/LogoHorizontaleDistanciadeSeguranca.svg\",\"contentUrl\":\"https:\/\/multimedia.ismt.pt\/wp-content\/uploads\/2020\/05\/LogoHorizontaleDistanciadeSeguranca.svg\",\"width\":1,\"height\":1,\"caption\":\"Instituto Superior Miguel Torga\"},\"image\":{\"@id\":\"https:\/\/multimedia.ismt.pt\/#\/schema\/logo\/image\/\"},\"sameAs\":[\"https:\/\/www.facebook.com\/ismtmultimedia\",\"https:\/\/www.youtube.com\/user\/multimediaismt\"]}]}<\/script>\n<!-- \/ Yoast SEO plugin. -->","yoast_head_json":{"title":"Comunica\u00e7\u00e3o - Licenciatura de Multim\u00e9dia do ISMT - Coimbra","description":"Comunica\u00e7\u00e3o UC da Licenciatura de Multim\u00e9dia do ISMT - Instituto Superior Miguel Torga - Coimbra. A arte e o saber da comunica\u00e7\u00e3o.","robots":{"index":"index","follow":"follow","max-snippet":"max-snippet:-1","max-image-preview":"max-image-preview:large","max-video-preview":"max-video-preview:-1"},"canonical":"https:\/\/multimedia.ismt.pt\/?page_id=570","og_locale":"pt_PT","og_type":"article","og_title":"Comunica\u00e7\u00e3o - Licenciatura de Multim\u00e9dia do ISMT - Coimbra","og_description":"Comunica\u00e7\u00e3o UC da Licenciatura de Multim\u00e9dia do ISMT - Instituto Superior Miguel Torga - Coimbra. A arte e o saber da comunica\u00e7\u00e3o.","og_url":"https:\/\/multimedia.ismt.pt\/?page_id=570","og_site_name":"Licenciatura de Multim\u00e9dia do ISMT","article_publisher":"https:\/\/www.facebook.com\/ismtmultimedia","article_modified_time":"2021-05-11T12:27:50+00:00","twitter_card":"summary_large_image","twitter_misc":{"Tempo estimado de leitura":"2 minutos"},"schema":{"@context":"https:\/\/schema.org","@graph":[{"@type":"WebPage","@id":"https:\/\/multimedia.ismt.pt\/?page_id=570","url":"https:\/\/multimedia.ismt.pt\/?page_id=570","name":"Comunica\u00e7\u00e3o - Licenciatura de Multim\u00e9dia do ISMT - Coimbra","isPartOf":{"@id":"https:\/\/multimedia.ismt.pt\/#website"},"datePublished":"2020-05-22T20:47:27+00:00","dateModified":"2021-05-11T12:27:50+00:00","description":"Comunica\u00e7\u00e3o UC da Licenciatura de Multim\u00e9dia do ISMT - Instituto Superior Miguel Torga - Coimbra. A arte e o saber da comunica\u00e7\u00e3o.","breadcrumb":{"@id":"https:\/\/multimedia.ismt.pt\/?page_id=570#breadcrumb"},"inLanguage":"pt-PT","potentialAction":[{"@type":"ReadAction","target":["https:\/\/multimedia.ismt.pt\/?page_id=570"]}]},{"@type":"BreadcrumbList","@id":"https:\/\/multimedia.ismt.pt\/?page_id=570#breadcrumb","itemListElement":[{"@type":"ListItem","position":1,"name":"In\u00edcio","item":"https:\/\/multimedia.ismt.pt\/"},{"@type":"ListItem","position":2,"name":"Curso","item":"https:\/\/multimedia.ismt.pt\/?page_id=57"},{"@type":"ListItem","position":3,"name":"Comunica\u00e7\u00e3o"}]},{"@type":"WebSite","@id":"https:\/\/multimedia.ismt.pt\/#website","url":"https:\/\/multimedia.ismt.pt\/","name":"Mulltim\u00e9dia ISMT","description":"Licenciatura de Multim\u00e9dia do ISMT","publisher":{"@id":"https:\/\/multimedia.ismt.pt\/#organization"},"potentialAction":[{"@type":"SearchAction","target":{"@type":"EntryPoint","urlTemplate":"https:\/\/multimedia.ismt.pt\/?s={search_term_string}"},"query-input":"required name=search_term_string"}],"inLanguage":"pt-PT"},{"@type":"Organization","@id":"https:\/\/multimedia.ismt.pt\/#organization","name":"Instituto Superior Miguel Torga","url":"https:\/\/multimedia.ismt.pt\/","logo":{"@type":"ImageObject","inLanguage":"pt-PT","@id":"https:\/\/multimedia.ismt.pt\/#\/schema\/logo\/image\/","url":"https:\/\/multimedia.ismt.pt\/wp-content\/uploads\/2020\/05\/LogoHorizontaleDistanciadeSeguranca.svg","contentUrl":"https:\/\/multimedia.ismt.pt\/wp-content\/uploads\/2020\/05\/LogoHorizontaleDistanciadeSeguranca.svg","width":1,"height":1,"caption":"Instituto Superior Miguel Torga"},"image":{"@id":"https:\/\/multimedia.ismt.pt\/#\/schema\/logo\/image\/"},"sameAs":["https:\/\/www.facebook.com\/ismtmultimedia","https:\/\/www.youtube.com\/user\/multimediaismt"]}]}},"_links":{"self":[{"href":"https:\/\/multimedia.ismt.pt\/index.php?rest_route=\/wp\/v2\/pages\/570"}],"collection":[{"href":"https:\/\/multimedia.ismt.pt\/index.php?rest_route=\/wp\/v2\/pages"}],"about":[{"href":"https:\/\/multimedia.ismt.pt\/index.php?rest_route=\/wp\/v2\/types\/page"}],"author":[{"embeddable":true,"href":"https:\/\/multimedia.ismt.pt\/index.php?rest_route=\/wp\/v2\/users\/1"}],"replies":[{"embeddable":true,"href":"https:\/\/multimedia.ismt.pt\/index.php?rest_route=%2Fwp%2Fv2%2Fcomments&post=570"}],"version-history":[{"count":92,"href":"https:\/\/multimedia.ismt.pt\/index.php?rest_route=\/wp\/v2\/pages\/570\/revisions"}],"predecessor-version":[{"id":12474,"href":"https:\/\/multimedia.ismt.pt\/index.php?rest_route=\/wp\/v2\/pages\/570\/revisions\/12474"}],"up":[{"embeddable":true,"href":"https:\/\/multimedia.ismt.pt\/index.php?rest_route=\/wp\/v2\/pages\/57"}],"wp:attachment":[{"href":"https:\/\/multimedia.ismt.pt\/index.php?rest_route=%2Fwp%2Fv2%2Fmedia&parent=570"}],"curies":[{"name":"wp","href":"https:\/\/api.w.org\/{rel}","templated":true}]}}